{"id":1043,"date":"2017-11-17T20:04:04","date_gmt":"2017-11-17T19:04:04","guid":{"rendered":"http:\/\/fablabjoigny.duckdns.org\/?page_id=5"},"modified":"2017-11-17T20:04:04","modified_gmt":"2017-11-17T19:04:04","slug":"acceuil","status":"publish","type":"page","link":"https:\/\/www.lemailletdejoigny.fr\/","title":{"rendered":"Accueil"},"content":{"rendered":"\n<p class=\"has-text-align-center\"> <br><strong>Venir au FabLab<\/strong><\/p>\n\n\n\n<p> [osm_map_v3 map_center=\u00a0\u00bb47.9821,3.4096&Prime; zoom=\u00a0\u00bb16&Prime; width=\u00a0\u00bb100%\u00a0\u00bb  height=\u00a0\u00bb450&Prime;  tagged_type=\u00a0\u00bbpage\u00a0\u00bb marker_name=\u00a0\u00bbmic_black_pinother_02.png\u00a0\u00bb  map_border=\u00a0\u00bbthin solid grey\u00a0\u00bb tagged_color=\u00a0\u00bbblack\u00a0\u00bb] <\/p>\n\n\n\n<p class=\"has-text-align-center\"><strong>Comment adh\u00e9rer au Maillet, FabLab de Joigny ?<\/strong><\/p>\n\n\n\n<p>Vous pouvez vous inscrire et adh\u00e9rer au FabLab en remplissant le bulletin d\u2019adh\u00e9sion ci-dessous, et \u00e9galement nous soutenir par un don en mat\u00e9riel et\/ou en euros, <a href=\"https:\/\/www.lemailletdejoigny.fr\/contact\/\">n&rsquo;h\u00e9sitez pas \u00e0 nous contacter<\/a>.<\/p>\n\n\n\n<div class=\"wp-block-file aligncenter\"><a href=\"https:\/\/beta.lemailletdejoigny.fr\/wp-content\/uploads\/2020\/03\/20200302-Bulletin-dadhesion-2.pdf\">20200302 &#8211; Bulletin d&rsquo;adh\u00e9sion<\/a><a href=\"https:\/\/beta.lemailletdejoigny.fr\/wp-content\/uploads\/2020\/03\/20200302-Bulletin-dadhesion-2.pdf\" class=\"wp-block-file__button\" download>T\u00e9l\u00e9charger<\/a><\/div>\n\n\n\n<p class=\"has-text-align-center\">Nos statuts sont <a href=\"https:\/\/www.lemailletdejoigny.fr\/wp-content\/uploads\/2019\/03\/20181201-Status.pdf\">ici<\/a>.<br> 2019 &#8211; 2020 <\/p>\n\n\n<p><!--EndFragment--><\/p>\n<p><\/p>","protected":false},"excerpt":{"rendered":"<p>Venir au FabLab [osm_map_v3 map_center=\u00a0\u00bb47.9821,3.4096&Prime; zoom=\u00a0\u00bb16&Prime; width=\u00a0\u00bb100%\u00a0\u00bb height=\u00a0\u00bb450&Prime; tagged_type=\u00a0\u00bbpage\u00a0\u00bb marker_name=\u00a0\u00bbmic_black_pinother_02.png\u00a0\u00bb map_border=\u00a0\u00bbthin solid grey\u00a0\u00bb tagged_color=\u00a0\u00bbblack\u00a0\u00bb] Comment adh\u00e9rer au Maillet, FabLab de Joigny ? Vous pouvez vous inscrire et adh\u00e9rer au FabLab en remplissant le bulletin d\u2019adh\u00e9sion ci-dessous, et \u00e9galement nous soutenir par un don en mat\u00e9riel et\/ou en euros, n&rsquo;h\u00e9sitez pas [&hellip;]<\/p>\n","protected":false},"author":2,"featured_media":0,"parent":0,"menu_order":0,"comment_status":"closed","ping_status":"closed","template":"","meta":{"footnotes":""},"class_list":["post-1043","page","type-page","status-publish","hentry"],"_links":{"self":[{"href":"https:\/\/www.lemailletdejoigny.fr\/index.php\/wp-json\/wp\/v2\/pages\/1043","targetHints":{"allow":["GET"]}}],"collection":[{"href":"https:\/\/www.lemailletdejoigny.fr\/index.php\/wp-json\/wp\/v2\/pages"}],"about":[{"href":"https:\/\/www.lemailletdejoigny.fr\/index.php\/wp-json\/wp\/v2\/types\/page"}],"author":[{"embeddable":true,"href":"https:\/\/www.lemailletdejoigny.fr\/index.php\/wp-json\/wp\/v2\/users\/2"}],"replies":[{"embeddable":true,"href":"https:\/\/www.lemailletdejoigny.fr\/index.php\/wp-json\/wp\/v2\/comments?post=1043"}],"version-history":[{"count":0,"href":"https:\/\/www.lemailletdejoigny.fr\/index.php\/wp-json\/wp\/v2\/pages\/1043\/revisions"}],"wp:attachment":[{"href":"https:\/\/www.lemailletdejoigny.fr\/index.php\/wp-json\/wp\/v2\/media?parent=1043"}],"curies":[{"name":"wp","href":"https:\/\/api.w.org\/{rel}","templated":true}]}}