{"id":31,"date":"2021-11-05T15:44:49","date_gmt":"2021-11-05T14:44:49","guid":{"rendered":"https:\/\/beta.lemailletdejoigny.fr\/?page_id=31"},"modified":"2021-11-07T20:41:23","modified_gmt":"2021-11-07T19:41:23","slug":"un-fablab","status":"publish","type":"page","link":"https:\/\/www.lemailletdejoigny.fr\/index.php\/un-fablab\/","title":{"rendered":"Un fablab ?"},"content":{"rendered":"\n<div class=\"wp-block-image\"><figure class=\"alignleft size-full is-resized\"><img loading=\"lazy\" decoding=\"async\" src=\"https:\/\/beta.lemailletdejoigny.fr\/wp-content\/uploads\/2021\/11\/cropped-le-maillet-de-joigny.jpg\" alt=\"\" class=\"wp-image-13\" width=\"128\" height=\"128\" srcset=\"https:\/\/www.lemailletdejoigny.fr\/wp-content\/uploads\/2021\/11\/cropped-le-maillet-de-joigny.jpg 512w, https:\/\/www.lemailletdejoigny.fr\/wp-content\/uploads\/2021\/11\/cropped-le-maillet-de-joigny-300x300.jpg 300w, https:\/\/www.lemailletdejoigny.fr\/wp-content\/uploads\/2021\/11\/cropped-le-maillet-de-joigny-150x150.jpg 150w, https:\/\/www.lemailletdejoigny.fr\/wp-content\/uploads\/2021\/11\/cropped-le-maillet-de-joigny-270x270.jpg 270w, https:\/\/www.lemailletdejoigny.fr\/wp-content\/uploads\/2021\/11\/cropped-le-maillet-de-joigny-192x192.jpg 192w, https:\/\/www.lemailletdejoigny.fr\/wp-content\/uploads\/2021\/11\/cropped-le-maillet-de-joigny-180x180.jpg 180w, https:\/\/www.lemailletdejoigny.fr\/wp-content\/uploads\/2021\/11\/cropped-le-maillet-de-joigny-32x32.jpg 32w\" sizes=\"auto, (max-width: 128px) 100vw, 128px\" \/><\/figure><\/div>\n\n\n\n<p>Un fablab, c&rsquo;est FABrication et LABoratoire. C&rsquo;est un lieu et des gens qui unissent et partagent leurs connaissances pour tester, essayer, cr\u00e9er, inventer, fabriquer ce qu&rsquo;ils souhaitent. Ce peut \u00eatre du beau, de l&rsquo;utile, de l&rsquo;indispensable ou juste de l&rsquo;amusant. On fait avec les moyens du bord, en favorisant en premier lieu la r\u00e9cup\u00e9ration la r\u00e9utilisation et la lowtech.<\/p>\n\n\n\n<p>Le fablab de Joigny existe depuis plusieurs ann\u00e9es, mais c&rsquo;est au moment o\u00f9 il allait enfin ouvrir pour des activit\u00e9s r\u00e9guli\u00e8res avec des publics vari\u00e9s que la crise sanitaire et ses contraintes sont venues couper cet \u00e9lan. Pour autant, en cercle restreint, parfois \u00e0 distance, le fablab a eu quelques actions marquantes :<\/p>\n\n\n\n<ul class=\"wp-block-list\"><li>Il a imprim\u00e9 des centaines de visi\u00e8res \u00e0 destination des h\u00f4pitaux<\/li><\/ul>\n\n\n\n<ul class=\"wp-block-list\"><li>il a con\u00e7u et r\u00e9alis\u00e9 150 \u00ab\u00a0ordinateurs solidaires\u00a0\u00bb pour les \u00e9l\u00e8ves sans \u00e9quipement personnel ou pour des publics fragiles.<\/li><\/ul>\n\n\n\n<p><\/p>\n\n\n\n<p>Enfin, le fablab a des amis : locaux comme le Repair Caf\u00e9, Scani, et ses partenaires de \u00ab\u00a0la fabrique de territoire\u00a0\u00bb. Proches tels que la Recyclerie de Toucy ou les autres fablabs du d\u00e9partement, ou comme participant au r\u00e9seau national des fablabs.<\/p>\n\n\n\n<div class=\"wp-block-image\"><figure class=\"alignleft size-full is-resized\"><a href=\"https:\/\/www.scani.fr\/\"><img loading=\"lazy\" decoding=\"async\" src=\"https:\/\/beta.lemailletdejoigny.fr\/wp-content\/uploads\/2021\/11\/Logo.png\" alt=\"\" class=\"wp-image-33\" width=\"178\" height=\"131\" srcset=\"https:\/\/www.lemailletdejoigny.fr\/wp-content\/uploads\/2021\/11\/Logo.png 713w, https:\/\/www.lemailletdejoigny.fr\/wp-content\/uploads\/2021\/11\/Logo-300x221.png 300w\" sizes=\"auto, (max-width: 178px) 100vw, 178px\" \/><\/a><\/figure><\/div>\n\n\n\n<div class=\"wp-block-image\"><figure class=\"alignleft size-full is-resized\"><a href=\"https:\/\/www.facebook.com\/RepairCafeJoigny\/\"><img loading=\"lazy\" decoding=\"async\" src=\"https:\/\/beta.lemailletdejoigny.fr\/wp-content\/uploads\/2021\/11\/Capture-decran-du-2021-11-05-15-43-43.png\" alt=\"\" class=\"wp-image-34\" width=\"294\" height=\"88\" srcset=\"https:\/\/www.lemailletdejoigny.fr\/wp-content\/uploads\/2021\/11\/Capture-decran-du-2021-11-05-15-43-43.png 588w, https:\/\/www.lemailletdejoigny.fr\/wp-content\/uploads\/2021\/11\/Capture-decran-du-2021-11-05-15-43-43-300x89.png 300w, https:\/\/www.lemailletdejoigny.fr\/wp-content\/uploads\/2021\/11\/Capture-decran-du-2021-11-05-15-43-43-576x175.png 576w\" sizes=\"auto, (max-width: 294px) 100vw, 294px\" \/><\/a><\/figure><\/div>\n\n\n\n<div class=\"wp-block-image\"><figure class=\"alignleft size-full\"><a href=\"https:\/\/californietoucy.cc\/\"><img loading=\"lazy\" decoding=\"async\" width=\"233\" height=\"58\" src=\"https:\/\/beta.lemailletdejoigny.fr\/wp-content\/uploads\/2021\/11\/Capture-decran-du-2021-11-05-15-50-36.png\" alt=\"\" class=\"wp-image-38\"\/><\/a><\/figure><\/div>\n\n\n\n<p><\/p>\n\n\n\n<p><\/p>\n\n\n\n<p><\/p>\n\n\n\n<p><\/p>\n\n\n\n<p><\/p>\n","protected":false},"excerpt":{"rendered":"<p>Un fablab, c&rsquo;est FABrication et LABoratoire. C&rsquo;est un lieu et des gens qui unissent et partagent leurs connaissances pour tester, essayer, cr\u00e9er, inventer, fabriquer ce qu&rsquo;ils souhaitent. Ce peut \u00eatre du beau, de l&rsquo;utile, de l&rsquo;indispensable ou juste de l&rsquo;amusant. On fait avec les moyens du bord, en favorisant en [&hellip;]<\/p>\n","protected":false},"author":1,"featured_media":0,"parent":0,"menu_order":0,"comment_status":"closed","ping_status":"closed","template":"","meta":{"footnotes":""},"class_list":["post-31","page","type-page","status-publish","hentry"],"_links":{"self":[{"href":"https:\/\/www.lemailletdejoigny.fr\/index.php\/wp-json\/wp\/v2\/pages\/31","targetHints":{"allow":["GET"]}}],"collection":[{"href":"https:\/\/www.lemailletdejoigny.fr\/index.php\/wp-json\/wp\/v2\/pages"}],"about":[{"href":"https:\/\/www.lemailletdejoigny.fr\/index.php\/wp-json\/wp\/v2\/types\/page"}],"author":[{"embeddable":true,"href":"https:\/\/www.lemailletdejoigny.fr\/index.php\/wp-json\/wp\/v2\/users\/1"}],"replies":[{"embeddable":true,"href":"https:\/\/www.lemailletdejoigny.fr\/index.php\/wp-json\/wp\/v2\/comments?post=31"}],"version-history":[{"count":7,"href":"https:\/\/www.lemailletdejoigny.fr\/index.php\/wp-json\/wp\/v2\/pages\/31\/revisions"}],"predecessor-version":[{"id":1121,"href":"https:\/\/www.lemailletdejoigny.fr\/index.php\/wp-json\/wp\/v2\/pages\/31\/revisions\/1121"}],"wp:attachment":[{"href":"https:\/\/www.lemailletdejoigny.fr\/index.php\/wp-json\/wp\/v2\/media?parent=31"}],"curies":[{"name":"wp","href":"https:\/\/api.w.org\/{rel}","templated":true}]}}